{"id":236,"date":"2021-02-04T19:23:28","date_gmt":"2021-02-04T19:23:28","guid":{"rendered":"http:\/\/widoarquitectos.com\/?page_id=236"},"modified":"2023-12-27T04:14:47","modified_gmt":"2023-12-27T04:14:47","slug":"centroculturasec44","status":"publish","type":"page","link":"https:\/\/widoarquitectos.com\/en\/centroculturasec44\/","title":{"rendered":"Centro Cultura Sec 44"},"content":{"rendered":"<p>[et_pb_section fb_built=&#8221;1&#8243; module_class=&#8221;titulos&#8221; _builder_version=&#8221;4.16&#8243; custom_padding=&#8221;0px||4px||false|false&#8221; global_colors_info=&#8221;{}&#8221;][et_pb_row _builder_version=&#8221;4.16&#8243; width=&#8221;70%&#8221; custom_padding=&#8221;||5px||false|false&#8221; animation_style=&#8221;slide&#8221; animation_direction=&#8221;bottom&#8221; global_colors_info=&#8221;{}&#8221;][et_pb_column type=&#8221;4_4&#8243; _builder_version=&#8221;4.16&#8243; global_colors_info=&#8221;{}&#8221;][et_pb_text _builder_version=&#8221;4.16&#8243; text_font=&#8221;||||||||&#8221; text_text_color=&#8221;#a5a5a5&#8243; header_font=&#8221;||||||||&#8221; header_2_font=&#8221;Avant-regular||||||||&#8221; header_2_text_color=&#8221;#a5a5a5&#8243; header_2_font_size=&#8221;14px&#8221; custom_margin=&#8221;||-10px||false|false&#8221; global_colors_info=&#8221;{}&#8221;]<\/p>\n<h2>CULTURAL CENTER 44<\/h2>\n<p>[\/et_pb_text][et_pb_text _builder_version=&#8221;4.16&#8243; text_font=&#8221;Avant-regular||||||||&#8221; text_text_color=&#8221;#afaeae&#8221; text_font_size=&#8221;11px&#8221; custom_margin=&#8221;||0px||false|false&#8221; custom_padding=&#8221;||||false|false&#8221; global_colors_info=&#8221;{}&#8221;]<\/p>\n<p>CUERNAVACA, MEXICO<\/p>\n<p>[\/et_pb_text][et_pb_text _builder_version=&#8221;4.17.4&#8243; text_font=&#8221;Avant-regular||||||||&#8221; text_text_color=&#8221;#afaeae&#8221; text_font_size=&#8221;11px&#8221; custom_margin=&#8221;-3px||0px||false|false&#8221; custom_padding=&#8221;||||false|false&#8221; hover_enabled=&#8221;0&#8243; global_colors_info=&#8221;{}&#8221; sticky_enabled=&#8221;0&#8243;]EDUCACI\u00d3N | 2019[\/et_pb_text][\/et_pb_column][\/et_pb_row][\/et_pb_section][et_pb_section fb_built=&#8221;1&#8243; module_class=&#8221;descripcion&#8221; _builder_version=&#8221;4.16&#8243; custom_padding=&#8221;0px||||false|false&#8221; global_colors_info=&#8221;{}&#8221;][et_pb_row column_structure=&#8221;2_3,1_3&#8243; _builder_version=&#8221;4.16&#8243; width=&#8221;70%&#8221; module_alignment=&#8221;center&#8221; custom_margin=&#8221;|128px||auto||&#8221; custom_padding=&#8221;||4px|||&#8221; global_colors_info=&#8221;{}&#8221;][et_pb_column type=&#8221;2_3&#8243; _builder_version=&#8221;4.16&#8243; global_colors_info=&#8221;{}&#8221;][et_pb_slider show_pagination=&#8221;off&#8221; _builder_version=&#8221;4.16&#8243; background_enable_image=&#8221;off&#8221; min_height=&#8221;440px&#8221; min_height_tablet=&#8221;400px&#8221; min_height_phone=&#8221;400px&#8221; min_height_last_edited=&#8221;on|phone&#8221; animation_style=&#8221;slide&#8221; animation_direction=&#8221;left&#8221; animation_duration=&#8221;2000ms&#8221; global_colors_info=&#8221;{}&#8221;][et_pb_slide _builder_version=&#8221;4.16&#8243; background_color=&#8221;#cecece&#8221; background_enable_color=&#8221;on&#8221; background_image=&#8221;https:\/\/widoarquitectos.com\/wp-content\/uploads\/2021\/02\/1.-PORTADA-CENTRO-CULTURAL.jpg&#8221; background_enable_image=&#8221;on&#8221; global_colors_info=&#8221;{}&#8221; sticky_transition=&#8221;on&#8221;][\/et_pb_slide][et_pb_slide _builder_version=&#8221;4.16&#8243; background_image=&#8221;https:\/\/widoarquitectos.com\/wp-content\/uploads\/2021\/02\/2.-UBICACION-1.jpg&#8221; background_enable_image=&#8221;on&#8221; global_colors_info=&#8221;{}&#8221; sticky_transition=&#8221;on&#8221;][\/et_pb_slide][et_pb_slide _builder_version=&#8221;4.16&#8243; background_image=&#8221;https:\/\/widoarquitectos.com\/wp-content\/uploads\/2021\/02\/3.-VISTA-EXT.jpg&#8221; background_enable_image=&#8221;on&#8221; global_colors_info=&#8221;{}&#8221; sticky_transition=&#8221;on&#8221;][\/et_pb_slide][et_pb_slide _builder_version=&#8221;4.16&#8243; background_image=&#8221;https:\/\/widoarquitectos.com\/wp-content\/uploads\/2021\/02\/4.-VISTA-EXT.jpg&#8221; background_enable_image=&#8221;on&#8221; global_colors_info=&#8221;{}&#8221; sticky_transition=&#8221;on&#8221;][\/et_pb_slide][et_pb_slide _builder_version=&#8221;4.16&#8243; background_image=&#8221;https:\/\/widoarquitectos.com\/wp-content\/uploads\/2021\/02\/5.-AGORA.jpg&#8221; background_enable_image=&#8221;on&#8221; global_colors_info=&#8221;{}&#8221; sticky_transition=&#8221;on&#8221;][\/et_pb_slide][et_pb_slide _builder_version=&#8221;4.16&#8243; background_image=&#8221;https:\/\/widoarquitectos.com\/wp-content\/uploads\/2021\/02\/6.-AREA-SOCIAL.jpg&#8221; background_enable_image=&#8221;on&#8221; global_colors_info=&#8221;{}&#8221; sticky_transition=&#8221;on&#8221;][\/et_pb_slide][et_pb_slide _builder_version=&#8221;4.16&#8243; background_image=&#8221;https:\/\/widoarquitectos.com\/wp-content\/uploads\/2021\/02\/7.-HUERTO.jpg&#8221; background_enable_image=&#8221;on&#8221; global_colors_info=&#8221;{}&#8221; sticky_transition=&#8221;on&#8221;][\/et_pb_slide][et_pb_slide _builder_version=&#8221;4.16&#8243; background_image=&#8221;https:\/\/widoarquitectos.com\/wp-content\/uploads\/2021\/02\/8.-TALLER-ABIERTO.jpg&#8221; background_enable_image=&#8221;on&#8221; global_colors_info=&#8221;{}&#8221; sticky_transition=&#8221;on&#8221;][\/et_pb_slide][et_pb_slide _builder_version=&#8221;4.16&#8243; background_image=&#8221;https:\/\/widoarquitectos.com\/wp-content\/uploads\/2021\/02\/9.-PLANTA-BAJA.jpg&#8221; background_enable_image=&#8221;on&#8221; global_colors_info=&#8221;{}&#8221; sticky_transition=&#8221;on&#8221;][\/et_pb_slide][et_pb_slide _builder_version=&#8221;4.16&#8243; background_image=&#8221;https:\/\/widoarquitectos.com\/wp-content\/uploads\/2021\/02\/10.-PLANTA-ALTA.jpg&#8221; background_enable_image=&#8221;on&#8221; global_colors_info=&#8221;{}&#8221; sticky_transition=&#8221;on&#8221;][\/et_pb_slide][et_pb_slide _builder_version=&#8221;4.16&#8243; background_image=&#8221;https:\/\/widoarquitectos.com\/wp-content\/uploads\/2021\/02\/11.-PLANTA-DE-TECHOS.jpg&#8221; background_enable_image=&#8221;on&#8221; global_colors_info=&#8221;{}&#8221; sticky_transition=&#8221;on&#8221;][\/et_pb_slide][et_pb_slide _builder_version=&#8221;4.16&#8243; background_image=&#8221;https:\/\/widoarquitectos.com\/wp-content\/uploads\/2021\/02\/12.-CORTE.jpg&#8221; background_enable_image=&#8221;on&#8221; global_colors_info=&#8221;{}&#8221; sticky_transition=&#8221;on&#8221;][\/et_pb_slide][et_pb_slide _builder_version=&#8221;4.16&#8243; background_image=&#8221;https:\/\/widoarquitectos.com\/wp-content\/uploads\/2021\/02\/13.-SOMBRAS.jpg&#8221; background_enable_image=&#8221;on&#8221; global_colors_info=&#8221;{}&#8221; sticky_transition=&#8221;on&#8221;][\/et_pb_slide][\/et_pb_slider][\/et_pb_column][et_pb_column type=&#8221;1_3&#8243; _builder_version=&#8221;4.16&#8243; global_colors_info=&#8221;{}&#8221;][et_pb_text module_class=&#8221;scroll-text&#8221; _builder_version=&#8221;4.16&#8243; text_font=&#8221;Avant-regular||||||||&#8221; text_text_color=&#8221;#B1AFAF&#8221; text_font_size=&#8221;11px&#8221; text_line_height=&#8221;16px&#8221; text_orientation=&#8221;justified&#8221; animation_style=&#8221;slide&#8221; animation_direction=&#8221;right&#8221; animation_duration=&#8221;2200ms&#8221; global_colors_info=&#8221;{}&#8221;]<\/p>\n<p>The   intention   of   the   next   project   is   to   reform   our   current   educational   system   and   raise   awareness   on   undervalued   topics   that   have  \nbeen forgiven through history, topics as art and culture. \nRepresented   as   an   icon   outside   the   current   educational   regulations,   the   building   serves   as   a   generator   of   new   social   and   human  \nissues.\u00a0<\/p>\n<p>Located   in   the   \"Technical   High   School   No.   44\"   in   Cuernavaca,   Morelos,   Mexico;   the   complex   demur   culture   and   art,   with   the   clear  \nintention   of   being   a   detonator   for   other   institutions.   The   project   arose   out   of   the   need   for   high   school   no.   44   to   have   a   new   social   and  \ncultural center where students can resume to values \u200b and subjects to seek their training, but in a more humanistic shape. \nThe architectural program is based on four core axes: Social, artistic, cultural and educational.<\/p>\n<p><strong>Social<\/strong>.<br \/>\n Shaped   as   an   open   area,   the   project   will   be   surrounded   by   an   existing   tree   on   the   premises,   students   can   meet   and   rest,   generating   a  \nnew social structure.<\/p>\n<p><strong>Artistic.<\/strong>.<br \/>\n This is an area made up of the same building site; a space that aims to teach painting classes, open workshops, exhibitions and more.<\/p>\n<p><strong>Cultural<\/strong>.<br \/>\n The   result   of   the   sum   of   the   social,   this   cultural   axe   is   the   epicenter   of   the   entire   project,   materialized   in   an   uneven   agora,   which   will   be  \nmultifaceted: open auditorium, debates, exhibitions, concerts and more.<\/p>\n<p><strong>Educational.<\/strong>.<br \/>\n It   will   project   four   classrooms,   which   are   already   necessary   for   the   campus,   but   adding   a   new   subject   in   education,   an   ecological  \nnature;   proposed   as   an   area   for   the   creation   of   a   garden   where   students   will   be   taught   topics   such   as:   ecological   preservation,   nature  \ncare and self-production of food. \nOn   the   other   hand,   the   secondary   cultural   center   No.   44   will   have   bathroom   services   and   a   directive   office,   places   that   reinforce   the  \ncomplex.<\/p>\n<p>[\/et_pb_text][\/et_pb_column][\/et_pb_row][\/et_pb_section][et_pb_section fb_built=&#8221;1&#8243; disabled_on=&#8221;off|off|off&#8221; _builder_version=&#8221;4.16&#8243; custom_padding=&#8221;0px||3px|||&#8221; locked=&#8221;off&#8221; global_colors_info=&#8221;{}&#8221;][et_pb_row _builder_version=&#8221;4.16&#8243; custom_padding=&#8221;10px||10px||false|false&#8221; global_colors_info=&#8221;{}&#8221;][et_pb_column type=&#8221;4_4&#8243; _builder_version=&#8221;4.16&#8243; global_colors_info=&#8221;{}&#8221;][et_pb_code _builder_version=&#8221;4.16&#8243; min_height=&#8221;31px&#8221; global_colors_info=&#8221;{}&#8221;]<\/p>\n<style><!-- [et_pb_line_break_holder] -->  .icons-footer-page{<!-- [et_pb_line_break_holder] -->\t\twidth: 100%;<!-- [et_pb_line_break_holder] -->\t\ttext-align: right;<!-- [et_pb_line_break_holder] -->\t\tmargin-right: 50px;<!-- [et_pb_line_break_holder] -->    position: fixed;<!-- [et_pb_line_break_holder] -->    bottom: 20px;<!-- [et_pb_line_break_holder] -->    right: -20px;<!-- [et_pb_line_break_holder] -->\t}\t<!-- [et_pb_line_break_holder] -->\t.icons-f{<!-- [et_pb_line_break_holder] -->\t\twidth: 24px;<!-- [et_pb_line_break_holder] -->\t\theight: 23px;<!-- [et_pb_line_break_holder] -->\t\tbackground: #000;<!-- [et_pb_line_break_holder] -->\t\tborder-radius: 50%;<!-- [et_pb_line_break_holder] -->\t\tdisplay: inline-block;<!-- [et_pb_line_break_holder] -->\t\tmargin-left: 4px;<!-- [et_pb_line_break_holder] -->\t}<!-- [et_pb_line_break_holder] -->   .icons-f:hover > p{<!-- [et_pb_line_break_holder] -->    background: #fff;<!-- [et_pb_line_break_holder] -->    border: solid 1px #000;<!-- [et_pb_line_break_holder] -->    color: #000;<!-- [et_pb_line_break_holder] -->  }<!-- [et_pb_line_break_holder] --><!-- [et_pb_line_break_holder] -->\t.icons-f p{<!-- [et_pb_line_break_holder] -->    font-family: 'Roboto',Helvetica,Arial,Lucida,sans-serif!important;<!-- [et_pb_line_break_holder] -->\t\tcolor: #fff;<!-- [et_pb_line_break_holder] -->\t\ttext-align: center;<!-- [et_pb_line_break_holder] -->\t\tfont-size: 11px;<!-- [et_pb_line_break_holder] -->\t\tmargin: 0px;<!-- [et_pb_line_break_holder] -->    border-radius: 50%;<!-- [et_pb_line_break_holder] -->    transition: 0.5s;<!-- [et_pb_line_break_holder] -->\t}<!-- [et_pb_line_break_holder] -->  <!-- [et_pb_line_break_holder] -->  .icons-f p i{<!-- [et_pb_line_break_holder] -->    font-size: 12px;<!-- [et_pb_line_break_holder] -->    }<!-- [et_pb_line_break_holder] -->  <!-- [et_pb_line_break_holder] -->  <!-- [et_pb_line_break_holder] -->   @media (max-width: 500px) {<!-- [et_pb_line_break_holder] -->    .icons-footer-page{<!-- [et_pb_line_break_holder] -->    \tright: -40px;<!-- [et_pb_line_break_holder] -->    } <!-- [et_pb_line_break_holder] -->  }<!-- [et_pb_line_break_holder] --><\/style>\n<p>\t<!-- [et_pb_line_break_holder] --><\/p>\n<div class=\"icons-footer-page\"><!-- [et_pb_line_break_holder] -->\t<a href=\"https:\/\/widoarquitectos.com\/en\/centroculturasec44\/\" class=\"icons-f\"><!-- [et_pb_line_break_holder] -->\t\t\t<pee>EN<\/pee><!-- [et_pb_line_break_holder] -->\t\t<\/a><!-- [et_pb_line_break_holder] -->\t\t<a href=\"https:\/\/widoarquitectos.com\/es\/centroculturasec44\/\" class=\"icons-f\"><!-- [et_pb_line_break_holder] -->\t\t\t<pee>ES<\/pee><!-- [et_pb_line_break_holder] -->\t\t<\/a><!-- [et_pb_line_break_holder] -->\t<!-- [et_pb_line_break_holder] -->\t<\/div>\n<p>[\/et_pb_code][\/et_pb_column][\/et_pb_row][\/et_pb_section]<\/p>","protected":false},"excerpt":{"rendered":"<p>CENTRO CULTURAL 44CUERNAVACA, M\u00c9XICOEDUCACI\u00d3N | 2019El proyecto que a continuaci\u00f3n se presenta tiene la intenci\u00f3n de reformar o sensibilizar a nuestro sistema educativo actual en temas que se han menospreciado y dejado a la deriva a trav\u00e9s de la historia de nuestro pa\u00eds, temas como el arte y la cultura. Representado como un \u00edcono fuera [&hellip;]<\/p>","protected":false},"author":1,"featured_media":0,"parent":0,"menu_order":0,"comment_status":"closed","ping_status":"closed","template":"","meta":{"_et_pb_use_builder":"on","_et_pb_old_content":"","_et_gb_content_width":"","inline_featured_image":false,"footnotes":""},"class_list":["post-236","page","type-page","status-publish","hentry"],"_links":{"self":[{"href":"https:\/\/widoarquitectos.com\/en\/wp-json\/wp\/v2\/pages\/236","targetHints":{"allow":["GET"]}}],"collection":[{"href":"https:\/\/widoarquitectos.com\/en\/wp-json\/wp\/v2\/pages"}],"about":[{"href":"https:\/\/widoarquitectos.com\/en\/wp-json\/wp\/v2\/types\/page"}],"author":[{"embeddable":true,"href":"https:\/\/widoarquitectos.com\/en\/wp-json\/wp\/v2\/users\/1"}],"replies":[{"embeddable":true,"href":"https:\/\/widoarquitectos.com\/en\/wp-json\/wp\/v2\/comments?post=236"}],"version-history":[{"count":0,"href":"https:\/\/widoarquitectos.com\/en\/wp-json\/wp\/v2\/pages\/236\/revisions"}],"wp:attachment":[{"href":"https:\/\/widoarquitectos.com\/en\/wp-json\/wp\/v2\/media?parent=236"}],"curies":[{"name":"wp","href":"https:\/\/api.w.org\/{rel}","templated":true}]}}