{"id":242,"date":"2021-02-04T19:24:27","date_gmt":"2021-02-04T19:24:27","guid":{"rendered":"http:\/\/widoarquitectos.com\/?page_id=242"},"modified":"2023-12-27T04:12:47","modified_gmt":"2023-12-27T04:12:47","slug":"sanatorioguadalupe","status":"publish","type":"page","link":"https:\/\/widoarquitectos.com\/en\/sanatorioguadalupe\/","title":{"rendered":"Sanatorio Guadalupe"},"content":{"rendered":"<p>[et_pb_section fb_built=&#8221;1&#8243; module_class=&#8221;titulos&#8221; _builder_version=&#8221;4.16&#8243; custom_padding=&#8221;0px||4px||false|false&#8221; global_colors_info=&#8221;{}&#8221;][et_pb_row _builder_version=&#8221;4.16&#8243; width=&#8221;75%&#8221; custom_padding=&#8221;||5px||false|false&#8221; animation_style=&#8221;slide&#8221; animation_direction=&#8221;bottom&#8221; global_colors_info=&#8221;{}&#8221;][et_pb_column type=&#8221;4_4&#8243; _builder_version=&#8221;4.16&#8243; global_colors_info=&#8221;{}&#8221;][et_pb_text _builder_version=&#8221;4.16&#8243; text_font=&#8221;||||||||&#8221; text_text_color=&#8221;#a5a5a5&#8243; header_font=&#8221;||||||||&#8221; header_2_font=&#8221;Avant-regular||||||||&#8221; header_2_text_color=&#8221;#a5a5a5&#8243; header_2_font_size=&#8221;14px&#8221; custom_margin=&#8221;||-10px||false|false&#8221; global_colors_info=&#8221;{}&#8221;]<\/p>\n<h2>SANATORIA GUADALUPE<\/h2>\n<p>[\/et_pb_text][et_pb_text _builder_version=&#8221;4.16&#8243; text_font=&#8221;Avant-regular||||||||&#8221; text_text_color=&#8221;#afaeae&#8221; text_font_size=&#8221;11px&#8221; custom_margin=&#8221;||0px||false|false&#8221; custom_padding=&#8221;||||false|false&#8221; global_colors_info=&#8221;{}&#8221;]<\/p>\n<p>CUERNAVACA, MEXICO<\/p>\n<p>[\/et_pb_text][et_pb_text _builder_version=&#8221;4.17.4&#8243; text_font=&#8221;Avant-regular||||||||&#8221; text_text_color=&#8221;#B1AFAF&#8221; text_font_size=&#8221;11px&#8221; text_line_height=&#8221;19px&#8221; text_orientation=&#8221;justified&#8221; custom_margin=&#8221;-3px||||false|false&#8221; hover_enabled=&#8221;0&#8243; global_colors_info=&#8221;{}&#8221; sticky_enabled=&#8221;0&#8243;]CL\u00cdNICA | 2018[\/et_pb_text][\/et_pb_column][\/et_pb_row][\/et_pb_section][et_pb_section fb_built=&#8221;1&#8243; module_class=&#8221;descripcion&#8221; _builder_version=&#8221;4.16&#8243; custom_padding=&#8221;0px||||false|false&#8221; global_colors_info=&#8221;{}&#8221;][et_pb_row column_structure=&#8221;3_4,1_4&#8243; _builder_version=&#8221;4.16&#8243; width=&#8221;75%&#8221; module_alignment=&#8221;center&#8221; custom_margin=&#8221;|128px|15px|auto||&#8221; custom_padding=&#8221;||4px|||&#8221; global_colors_info=&#8221;{}&#8221;][et_pb_column type=&#8221;3_4&#8243; _builder_version=&#8221;4.16&#8243; global_colors_info=&#8221;{}&#8221;][et_pb_slider show_pagination=&#8221;off&#8221; _builder_version=&#8221;4.16&#8243; background_enable_image=&#8221;off&#8221; min_height=&#8221;440px&#8221; min_height_tablet=&#8221;400px&#8221; min_height_phone=&#8221;400px&#8221; min_height_last_edited=&#8221;on|phone&#8221; animation_style=&#8221;slide&#8221; animation_direction=&#8221;left&#8221; animation_duration=&#8221;2000ms&#8221; global_colors_info=&#8221;{}&#8221;][et_pb_slide _builder_version=&#8221;4.16&#8243; background_color=&#8221;#cecece&#8221; background_enable_color=&#8221;on&#8221; background_image=&#8221;https:\/\/widoarquitectos.com\/wp-content\/uploads\/2021\/02\/1.-PORTADA-CONSULTORIOS-LANDY.jpg&#8221; background_enable_image=&#8221;on&#8221; global_colors_info=&#8221;{}&#8221; sticky_transition=&#8221;on&#8221;][\/et_pb_slide][et_pb_slide _builder_version=&#8221;4.16&#8243; background_image=&#8221;https:\/\/widoarquitectos.com\/wp-content\/uploads\/2021\/02\/2.-UBICACION-3.jpg&#8221; background_enable_image=&#8221;on&#8221; global_colors_info=&#8221;{}&#8221; sticky_transition=&#8221;on&#8221;][\/et_pb_slide][et_pb_slide _builder_version=&#8221;4.16&#8243; background_image=&#8221;https:\/\/widoarquitectos.com\/wp-content\/uploads\/2021\/02\/3.-DIAGRAMA-DE-MURO-01.jpg&#8221; background_enable_image=&#8221;on&#8221; global_colors_info=&#8221;{}&#8221; sticky_transition=&#8221;on&#8221;][\/et_pb_slide][et_pb_slide _builder_version=&#8221;4.16&#8243; background_image=&#8221;https:\/\/widoarquitectos.com\/wp-content\/uploads\/2021\/02\/4.-DIAGRAMA-MURO-02.jpg&#8221; background_enable_image=&#8221;on&#8221; global_colors_info=&#8221;{}&#8221; sticky_transition=&#8221;on&#8221;][\/et_pb_slide][et_pb_slide _builder_version=&#8221;4.16&#8243; background_image=&#8221;https:\/\/widoarquitectos.com\/wp-content\/uploads\/2021\/02\/5.-VISTA.jpg&#8221; background_enable_image=&#8221;on&#8221; global_colors_info=&#8221;{}&#8221; sticky_transition=&#8221;on&#8221;][\/et_pb_slide][et_pb_slide _builder_version=&#8221;4.16&#8243; background_image=&#8221;https:\/\/widoarquitectos.com\/wp-content\/uploads\/2021\/02\/6.-VISTA.jpg&#8221; background_enable_image=&#8221;on&#8221; global_colors_info=&#8221;{}&#8221; sticky_transition=&#8221;on&#8221;][\/et_pb_slide][et_pb_slide _builder_version=&#8221;4.16&#8243; background_image=&#8221;https:\/\/widoarquitectos.com\/wp-content\/uploads\/2021\/02\/7.-VISTA.jpg&#8221; background_enable_image=&#8221;on&#8221; global_colors_info=&#8221;{}&#8221; sticky_transition=&#8221;on&#8221;][\/et_pb_slide][et_pb_slide _builder_version=&#8221;4.16&#8243; background_image=&#8221;https:\/\/widoarquitectos.com\/wp-content\/uploads\/2021\/02\/8.-VISTA.jpg&#8221; background_enable_image=&#8221;on&#8221; global_colors_info=&#8221;{}&#8221; sticky_transition=&#8221;on&#8221;][\/et_pb_slide][et_pb_slide _builder_version=&#8221;4.16&#8243; background_image=&#8221;https:\/\/widoarquitectos.com\/wp-content\/uploads\/2021\/02\/9.-VISTA.jpg&#8221; background_enable_image=&#8221;on&#8221; global_colors_info=&#8221;{}&#8221; sticky_transition=&#8221;on&#8221;][\/et_pb_slide][et_pb_slide _builder_version=&#8221;4.16&#8243; background_image=&#8221;https:\/\/widoarquitectos.com\/wp-content\/uploads\/2021\/03\/10.-VISTA.jpg&#8221; background_enable_image=&#8221;on&#8221; global_colors_info=&#8221;{}&#8221; sticky_transition=&#8221;on&#8221;][\/et_pb_slide][et_pb_slide _builder_version=&#8221;4.16&#8243; background_image=&#8221;https:\/\/widoarquitectos.com\/wp-content\/uploads\/2021\/02\/11.-VISTA.jpg&#8221; background_enable_image=&#8221;on&#8221; global_colors_info=&#8221;{}&#8221; sticky_transition=&#8221;on&#8221;][\/et_pb_slide][et_pb_slide _builder_version=&#8221;4.16&#8243; background_image=&#8221;https:\/\/widoarquitectos.com\/wp-content\/uploads\/2021\/02\/12.-VISTA.jpg&#8221; background_enable_image=&#8221;on&#8221; global_colors_info=&#8221;{}&#8221; sticky_transition=&#8221;on&#8221;][\/et_pb_slide][et_pb_slide _builder_version=&#8221;4.16&#8243; background_image=&#8221;https:\/\/widoarquitectos.com\/wp-content\/uploads\/2021\/02\/13.-VISTA.jpg&#8221; background_enable_image=&#8221;on&#8221; global_colors_info=&#8221;{}&#8221; sticky_transition=&#8221;on&#8221;][\/et_pb_slide][\/et_pb_slider][\/et_pb_column][et_pb_column type=&#8221;1_4&#8243; _builder_version=&#8221;4.16&#8243; global_colors_info=&#8221;{}&#8221;][et_pb_text _builder_version=&#8221;4.16&#8243; text_font=&#8221;Avant-regular||||||||&#8221; text_text_color=&#8221;#B1AFAF&#8221; text_font_size=&#8221;11px&#8221; text_line_height=&#8221;16px&#8221; text_orientation=&#8221;justified&#8221; animation_style=&#8221;slide&#8221; animation_direction=&#8221;right&#8221; animation_duration=&#8221;2200ms&#8221; global_colors_info=&#8221;{}&#8221;]<\/p>\n<p>Sanatorio Guadalupe is an expansion project located in the historic heart of Cuernavaca city, Morelos.  \nThe   intervention   arose   from   the   need   to   expand   the   area   of   private   physicians.   Being   a   building   located   in   an   area   protected   by   the  \nInstituto   Nacional   de   Antropolog\u00eda   e   Historia   (INAH),   the   proposal   was   based   on   building   on   the   rooftop   area   of   \u200b the   same   complex,  \nembedded 3 meters above the edge of the building, the intention is clear, not affect the urban image.<\/p>\n<p>The   proposal   proposes   a   steel   structure   that   serves   as   an   umbrella   to   cover   all   the   spaces   of   the   architectural   program   (6   consulting  \nrooms,   sampling   -clinical   analysis-   and   waiting   room).   For   this   last   area,   its   surroundings   were   covered   with   natural   pine   wood   lattices,  \nbased on the design, they are transformed into fittings for visitors.<\/p>\n<p>The   completion   of   the   commission   betrays   us   in   a   serene   and   natural   speech   in   its   architecture   that,   by   playing   with   the   vegetation  \n(and only two raw materials: wood and steel) projects us an atmosphere of peace and tranquility.<\/p>\n<p>[\/et_pb_text][\/et_pb_column][\/et_pb_row][\/et_pb_section][et_pb_section fb_built=&#8221;1&#8243; disabled_on=&#8221;off|off|off&#8221; _builder_version=&#8221;4.16&#8243; custom_padding=&#8221;0px||3px|||&#8221; locked=&#8221;off&#8221; global_colors_info=&#8221;{}&#8221;][et_pb_row _builder_version=&#8221;4.16&#8243; custom_padding=&#8221;10px||10px||false|false&#8221; global_colors_info=&#8221;{}&#8221;][et_pb_column type=&#8221;4_4&#8243; _builder_version=&#8221;4.16&#8243; global_colors_info=&#8221;{}&#8221;][et_pb_code _builder_version=&#8221;4.16&#8243; min_height=&#8221;31px&#8221; global_colors_info=&#8221;{}&#8221;]<\/p>\n<style><!-- [et_pb_line_break_holder] -->  .icons-footer-page{<!-- [et_pb_line_break_holder] -->\t\twidth: 100%;<!-- [et_pb_line_break_holder] -->\t\ttext-align: right;<!-- [et_pb_line_break_holder] -->\t\tmargin-right: 50px;<!-- [et_pb_line_break_holder] -->    position: fixed;<!-- [et_pb_line_break_holder] -->    bottom: 20px;<!-- [et_pb_line_break_holder] -->    right: -20px;<!-- [et_pb_line_break_holder] -->\t}\t<!-- [et_pb_line_break_holder] -->\t.icons-f{<!-- [et_pb_line_break_holder] -->\t\twidth: 24px;<!-- [et_pb_line_break_holder] -->\t\theight: 23px;<!-- [et_pb_line_break_holder] -->\t\tbackground: #000;<!-- [et_pb_line_break_holder] -->\t\tborder-radius: 50%;<!-- [et_pb_line_break_holder] -->\t\tdisplay: inline-block;<!-- [et_pb_line_break_holder] -->\t\tmargin-left: 4px;<!-- [et_pb_line_break_holder] -->\t}<!-- [et_pb_line_break_holder] -->   .icons-f:hover > p{<!-- [et_pb_line_break_holder] -->    background: #fff;<!-- [et_pb_line_break_holder] -->    border: solid 1px #000;<!-- [et_pb_line_break_holder] -->    color: #000;<!-- [et_pb_line_break_holder] -->  }<!-- [et_pb_line_break_holder] --><!-- [et_pb_line_break_holder] -->\t.icons-f p{<!-- [et_pb_line_break_holder] -->    font-family: 'Roboto',Helvetica,Arial,Lucida,sans-serif!important;<!-- [et_pb_line_break_holder] -->\t\tcolor: #fff;<!-- [et_pb_line_break_holder] -->\t\ttext-align: center;<!-- [et_pb_line_break_holder] -->\t\tfont-size: 11px;<!-- [et_pb_line_break_holder] -->\t\tmargin: 0px;<!-- [et_pb_line_break_holder] -->    border-radius: 50%;<!-- [et_pb_line_break_holder] -->    transition: 0.5s;<!-- [et_pb_line_break_holder] -->\t}<!-- [et_pb_line_break_holder] -->  <!-- [et_pb_line_break_holder] -->  .icons-f p i{<!-- [et_pb_line_break_holder] -->    font-size: 12px;<!-- [et_pb_line_break_holder] -->    }<!-- [et_pb_line_break_holder] -->  <!-- [et_pb_line_break_holder] -->  <!-- [et_pb_line_break_holder] -->   @media (max-width: 500px) {<!-- [et_pb_line_break_holder] -->    .icons-footer-page{<!-- [et_pb_line_break_holder] -->    \tright: -40px;<!-- [et_pb_line_break_holder] -->    } <!-- [et_pb_line_break_holder] -->  }<!-- [et_pb_line_break_holder] --><\/style>\n<p>\t<!-- [et_pb_line_break_holder] --><\/p>\n<div class=\"icons-footer-page\"><!-- [et_pb_line_break_holder] -->\t<a href=\"https:\/\/widoarquitectos.com\/en\/sanatorioguadalupe\/\" class=\"icons-f\"><!-- [et_pb_line_break_holder] -->\t\t\t<pee>EN<\/pee><!-- [et_pb_line_break_holder] -->\t\t<\/a><!-- [et_pb_line_break_holder] -->\t\t<a href=\"https:\/\/widoarquitectos.com\/es\/sanatorioguadalupe\/\" class=\"icons-f\"><!-- [et_pb_line_break_holder] -->\t\t\t<pee>ES<\/pee><!-- [et_pb_line_break_holder] -->\t\t<\/a><!-- [et_pb_line_break_holder] -->\t<!-- [et_pb_line_break_holder] -->\t<\/div>\n<p>[\/et_pb_code][\/et_pb_column][\/et_pb_row][\/et_pb_section]<\/p>","protected":false},"excerpt":{"rendered":"<p>SANATORIA GUADALUPECUERNAVACA, M\u00c9XICOCL\u00cdNICA | 2018Sanatorio Guadalupe es un proyecto de expansi\u00f3n ubicado en el coraz\u00f3n hist\u00f3rico de la ciudad de Cuernavaca, Morelos. La intervenci\u00f3n surgi\u00f3 de la necesidad de ampliar el \u00e1rea de consultorios privados. Al tratarse de un edificio ubicado en un \u00e1rea protegida por el Instituto Nacional de Antropolog\u00eda e Historia (INAH), la [&hellip;]<\/p>","protected":false},"author":1,"featured_media":0,"parent":0,"menu_order":0,"comment_status":"closed","ping_status":"closed","template":"","meta":{"_et_pb_use_builder":"on","_et_pb_old_content":"","_et_gb_content_width":"","inline_featured_image":false,"footnotes":""},"class_list":["post-242","page","type-page","status-publish","hentry"],"_links":{"self":[{"href":"https:\/\/widoarquitectos.com\/en\/wp-json\/wp\/v2\/pages\/242","targetHints":{"allow":["GET"]}}],"collection":[{"href":"https:\/\/widoarquitectos.com\/en\/wp-json\/wp\/v2\/pages"}],"about":[{"href":"https:\/\/widoarquitectos.com\/en\/wp-json\/wp\/v2\/types\/page"}],"author":[{"embeddable":true,"href":"https:\/\/widoarquitectos.com\/en\/wp-json\/wp\/v2\/users\/1"}],"replies":[{"embeddable":true,"href":"https:\/\/widoarquitectos.com\/en\/wp-json\/wp\/v2\/comments?post=242"}],"version-history":[{"count":0,"href":"https:\/\/widoarquitectos.com\/en\/wp-json\/wp\/v2\/pages\/242\/revisions"}],"wp:attachment":[{"href":"https:\/\/widoarquitectos.com\/en\/wp-json\/wp\/v2\/media?parent=242"}],"curies":[{"name":"wp","href":"https:\/\/api.w.org\/{rel}","templated":true}]}}