{"id":3189,"date":"2022-05-24T20:33:49","date_gmt":"2022-05-24T20:33:49","guid":{"rendered":"https:\/\/widoarquitectos.com\/?page_id=3189"},"modified":"2022-06-08T19:31:39","modified_gmt":"2022-06-08T19:31:39","slug":"finca-yenizel","status":"publish","type":"page","link":"https:\/\/widoarquitectos.com\/en\/finca-yenizel\/","title":{"rendered":"Finca Yenizel"},"content":{"rendered":"<p>[et_pb_section fb_built=&#8221;1&#8243; module_class=&#8221;titulos&#8221; _builder_version=&#8221;4.16&#8243; custom_padding=&#8221;0px||4px||false|false&#8221; global_colors_info=&#8221;{}&#8221;][et_pb_row _builder_version=&#8221;4.16&#8243; width=&#8221;75%&#8221; custom_padding=&#8221;14px||5px||false|false&#8221; animation_style=&#8221;slide&#8221; animation_direction=&#8221;bottom&#8221; global_colors_info=&#8221;{}&#8221;][et_pb_column type=&#8221;4_4&#8243; _builder_version=&#8221;4.16&#8243; global_colors_info=&#8221;{}&#8221;][et_pb_text _builder_version=&#8221;4.16&#8243; text_font=&#8221;Avgardn||||||||&#8221; text_text_color=&#8221;#a5a5a5&#8243; header_font=&#8221;||||||||&#8221; header_2_font=&#8221;Avant-regular||||||||&#8221; header_2_text_color=&#8221;#707070&#8243; header_2_font_size=&#8221;13px&#8221; custom_margin=&#8221;||-10px||false|false&#8221; inline_fonts=&#8221;Avant-regular&#8221; global_colors_info=&#8221;{}&#8221;]<\/p>\n<h2><span style=\"font-family: Avant-regular; font-weight: normal;\">FINCA YENIZEL<\/span><\/h2>\n<p>[\/et_pb_text][et_pb_text _builder_version=&#8221;4.16&#8243; text_font=&#8221;Avant-regular||||||||&#8221; text_text_color=&#8221;#afaeae&#8221; text_font_size=&#8221;9px&#8221; custom_margin=&#8221;||0px||false|false&#8221; custom_padding=&#8221;||||false|false&#8221; global_colors_info=&#8221;{}&#8221;]HUITZILAC, M\u00c9XICO[\/et_pb_text][et_pb_text _builder_version=&#8221;4.16&#8243; text_font=&#8221;Avant-regular||||||||&#8221; text_text_color=&#8221;#afaeae&#8221; text_font_size=&#8221;9px&#8221; custom_margin=&#8221;-4px||0px||false|false&#8221; custom_padding=&#8221;||||false|false&#8221; global_colors_info=&#8221;{}&#8221;]VIVIENDA | 2022[\/et_pb_text][\/et_pb_column][\/et_pb_row][\/et_pb_section][et_pb_section fb_built=&#8221;1&#8243; module_class=&#8221;descripcion&#8221; _builder_version=&#8221;4.16&#8243; custom_padding=&#8221;0px||||false|false&#8221; global_colors_info=&#8221;{}&#8221;][et_pb_row column_structure=&#8221;2_3,1_3&#8243; use_custom_gutter=&#8221;on&#8221; _builder_version=&#8221;4.16&#8243; width=&#8221;75%&#8221; module_alignment=&#8221;center&#8221; custom_margin=&#8221;|128px||auto||&#8221; global_colors_info=&#8221;{}&#8221;][et_pb_column type=&#8221;2_3&#8243; _builder_version=&#8221;4.16&#8243; global_colors_info=&#8221;{}&#8221;][et_pb_slider show_pagination=&#8221;off&#8221; _builder_version=&#8221;4.17.4&#8243; background_enable_image=&#8221;off&#8221; min_height=&#8221;440px&#8221; min_height_tablet=&#8221;400px&#8221; min_height_phone=&#8221;400px&#8221; min_height_last_edited=&#8221;on|phone&#8221; animation_style=&#8221;slide&#8221; animation_direction=&#8221;left&#8221; animation_duration=&#8221;2000ms&#8221; global_colors_info=&#8221;{}&#8221;][et_pb_slide _builder_version=&#8221;4.16&#8243; background_color=&#8221;#cecece&#8221; background_enable_color=&#8221;on&#8221; background_image=&#8221;https:\/\/widoarquitectos.com\/wp-content\/uploads\/2022\/05\/17.-PORTADA.jpg&#8221; background_enable_image=&#8221;on&#8221; global_colors_info=&#8221;{}&#8221; sticky_transition=&#8221;on&#8221;][\/et_pb_slide][et_pb_slide _builder_version=&#8221;4.16&#8243; background_image=&#8221;https:\/\/widoarquitectos.com\/wp-content\/uploads\/2022\/05\/2.-ANALISIS-GEOGRAFICO.jpg&#8221; background_enable_image=&#8221;on&#8221; global_colors_info=&#8221;{}&#8221; sticky_transition=&#8221;on&#8221;][\/et_pb_slide][et_pb_slide _builder_version=&#8221;4.16&#8243; background_image=&#8221;https:\/\/widoarquitectos.com\/wp-content\/uploads\/2022\/05\/3.-CONJUNTO.jpg&#8221; background_enable_image=&#8221;on&#8221; global_colors_info=&#8221;{}&#8221; sticky_transition=&#8221;on&#8221;][\/et_pb_slide][et_pb_slide _builder_version=&#8221;4.16&#8243; background_image=&#8221;https:\/\/widoarquitectos.com\/wp-content\/uploads\/2022\/05\/4.-INTERIOR.jpg&#8221; background_enable_image=&#8221;on&#8221; global_colors_info=&#8221;{}&#8221; sticky_transition=&#8221;on&#8221;][\/et_pb_slide][et_pb_slide _builder_version=&#8221;4.16&#8243; background_image=&#8221;https:\/\/widoarquitectos.com\/wp-content\/uploads\/2022\/05\/5.-DIAGRAMA-DE-DISENO.jpg&#8221; background_enable_image=&#8221;on&#8221; global_colors_info=&#8221;{}&#8221; sticky_transition=&#8221;on&#8221;][\/et_pb_slide][et_pb_slide _builder_version=&#8221;4.16&#8243; background_image=&#8221;https:\/\/widoarquitectos.com\/wp-content\/uploads\/2022\/05\/6.-PB.png&#8221; background_enable_image=&#8221;on&#8221; global_colors_info=&#8221;{}&#8221; sticky_transition=&#8221;on&#8221;][\/et_pb_slide][et_pb_slide _builder_version=&#8221;4.16&#8243; background_image=&#8221;https:\/\/widoarquitectos.com\/wp-content\/uploads\/2022\/05\/7.-PA.png&#8221; background_enable_image=&#8221;on&#8221; global_colors_info=&#8221;{}&#8221; sticky_transition=&#8221;on&#8221;][\/et_pb_slide][et_pb_slide _builder_version=&#8221;4.16&#8243; background_image=&#8221;https:\/\/widoarquitectos.com\/wp-content\/uploads\/2022\/05\/8.-PT.png&#8221; background_enable_image=&#8221;on&#8221; global_colors_info=&#8221;{}&#8221; sticky_transition=&#8221;on&#8221;][\/et_pb_slide][et_pb_slide _builder_version=&#8221;4.16&#8243; background_image=&#8221;https:\/\/widoarquitectos.com\/wp-content\/uploads\/2022\/05\/9.-PR.png&#8221; background_enable_image=&#8221;on&#8221; global_colors_info=&#8221;{}&#8221; sticky_transition=&#8221;on&#8221;][\/et_pb_slide][et_pb_slide _builder_version=&#8221;4.16&#8243; background_image=&#8221;https:\/\/widoarquitectos.com\/wp-content\/uploads\/2022\/05\/10.-CORTE-ESQUEMATICO.jpg&#8221; background_enable_image=&#8221;on&#8221; global_colors_info=&#8221;{}&#8221; sticky_transition=&#8221;on&#8221;][\/et_pb_slide][\/et_pb_slider][\/et_pb_column][et_pb_column type=&#8221;1_3&#8243; _builder_version=&#8221;4.16&#8243; global_colors_info=&#8221;{}&#8221;][et_pb_text module_class=&#8221;scroll-text&#8221; _builder_version=&#8221;4.17.4&#8243; text_font=&#8221;Itc Avan garden extra-light||||||||&#8221; text_text_color=&#8221;#707070&#8243; text_font_size=&#8221;9px&#8221; text_letter_spacing=&#8221;0.5px&#8221; text_line_height=&#8221;12px&#8221; text_orientation=&#8221;justified&#8221; animation_style=&#8221;slide&#8221; animation_direction=&#8221;right&#8221; animation_duration=&#8221;2200ms&#8221; hover_enabled=&#8221;0&#8243; global_colors_info=&#8221;{}&#8221; sticky_enabled=&#8221;0&#8243;]<\/p>\n<div style=\"display:none;\">\nFinca Yenizel is a residential housing project for a newlywed couple. The property is located in Huitzilac in the state of Morelos and 20 minutes from the city of Cuernavaca. Huitzilac is one of the most wooded and coldest areas in the state.\n<\/div>\n<p>Finca Yenizel is a residential housing project for a newlywed couple. The property is located in Huitzilac in the state of Morelos and 20 minutes from the city of Cuernavaca. Huitzilac is one of the most wooded and coldest areas in the state.<\/p>\n<p>The house is located on a 1001.29 m2 lot, surrounded by pine trees and hilly topography.<\/p>\n<p>El proyecto desplanta dos vol\u00famenes cuadrados construidos en acero y cristal que rotan 45 grados sobre su eje central, dividido por un patio techado que conecta directamente con la poligonal de la alberca; esto con la intenci\u00f3n de potencializar el remate visual del acceso principal y de dividir los usos de la vivienda, donde un cubo se destina a la zona p\u00fablica y el otro a las \u00e1reas privadas. En planta alta se ubican dos habitaciones que se entrelazan a trav\u00e9s de un puente de cristal, logrando una sensaci\u00f3n de libertad que forja un v\u00ednculo entre naturaleza y ser humano.[\/et_pb_text][\/et_pb_column][\/et_pb_row][\/et_pb_section][et_pb_section fb_built=&#8221;1&#8243; disabled_on=&#8221;off|off|off&#8221; _builder_version=&#8221;4.16&#8243; custom_padding=&#8221;0px||3px|||&#8221; locked=&#8221;off&#8221; global_colors_info=&#8221;{}&#8221;][et_pb_row _builder_version=&#8221;4.16&#8243; custom_padding=&#8221;10px||10px||false|false&#8221; global_colors_info=&#8221;{}&#8221;][et_pb_column type=&#8221;4_4&#8243; _builder_version=&#8221;4.16&#8243; global_colors_info=&#8221;{}&#8221;][et_pb_code _builder_version=&#8221;4.17.4&#8243; min_height=&#8221;31px&#8221; global_colors_info=&#8221;{}&#8221;]<\/p>\n<style><!-- [et_pb_line_break_holder] -->  .icons-footer-page{<!-- [et_pb_line_break_holder] -->\t\twidth: 100%;<!-- [et_pb_line_break_holder] -->\t\ttext-align: right;<!-- [et_pb_line_break_holder] -->\t\tmargin-right: 50px;<!-- [et_pb_line_break_holder] -->    position: fixed;<!-- [et_pb_line_break_holder] -->    bottom: 20px;<!-- [et_pb_line_break_holder] -->    right: -20px;<!-- [et_pb_line_break_holder] -->\t}\t<!-- [et_pb_line_break_holder] -->\t.icons-f{<!-- [et_pb_line_break_holder] -->\t\twidth: 24px;<!-- [et_pb_line_break_holder] -->\t\theight: 23px;<!-- [et_pb_line_break_holder] -->\t\tbackground: #000;<!-- [et_pb_line_break_holder] -->\t\tborder-radius: 50%;<!-- [et_pb_line_break_holder] -->\t\tdisplay: inline-block;<!-- [et_pb_line_break_holder] -->\t\tmargin-left: 4px;<!-- [et_pb_line_break_holder] -->\t}<!-- [et_pb_line_break_holder] -->   .icons-f:hover > p{<!-- [et_pb_line_break_holder] -->    background: #fff;<!-- [et_pb_line_break_holder] -->    border: solid 1px #000;<!-- [et_pb_line_break_holder] -->    color: #000;<!-- [et_pb_line_break_holder] -->  }<!-- [et_pb_line_break_holder] --><!-- [et_pb_line_break_holder] -->\t.icons-f p{<!-- [et_pb_line_break_holder] -->    font-family: 'Roboto',Helvetica,Arial,Lucida,sans-serif!important;<!-- [et_pb_line_break_holder] -->\t\tcolor: #fff;<!-- [et_pb_line_break_holder] -->\t\ttext-align: center;<!-- [et_pb_line_break_holder] -->\t\tfont-size: 11px;<!-- [et_pb_line_break_holder] -->\t\tmargin: 0px;<!-- [et_pb_line_break_holder] -->    border-radius: 50%;<!-- [et_pb_line_break_holder] -->    transition: 0.5s;<!-- [et_pb_line_break_holder] -->\t}<!-- [et_pb_line_break_holder] -->  <!-- [et_pb_line_break_holder] -->  .icons-f p i{<!-- [et_pb_line_break_holder] -->    font-size: 12px;<!-- [et_pb_line_break_holder] -->    }<!-- [et_pb_line_break_holder] -->  <!-- [et_pb_line_break_holder] -->  <!-- [et_pb_line_break_holder] -->   @media (max-width: 500px) {<!-- [et_pb_line_break_holder] -->    .icons-footer-page{<!-- [et_pb_line_break_holder] -->    \tright: -40px;<!-- [et_pb_line_break_holder] -->    } <!-- [et_pb_line_break_holder] -->  }<!-- [et_pb_line_break_holder] --><\/style>\n<p>\t<!-- [et_pb_line_break_holder] --><\/p>\n<div class=\"icons-footer-page\"><!-- [et_pb_line_break_holder] -->\t<a href=\"https:\/\/widoarquitectos.com\/en\/finca-yenizel\/\" class=\"icons-f\"><!-- [et_pb_line_break_holder] -->\t\t\t<pee>EN<\/pee><!-- [et_pb_line_break_holder] -->\t\t<\/a><!-- [et_pb_line_break_holder] -->\t\t<a href=\"https:\/\/widoarquitectos.com\/es\/finca-yenizel\/\" class=\"icons-f\"><!-- [et_pb_line_break_holder] -->\t\t\t<pee>ES<\/pee><!-- [et_pb_line_break_holder] -->\t\t<\/a><!-- [et_pb_line_break_holder] -->\t<!-- [et_pb_line_break_holder] -->\t<\/div>\n<p>[\/et_pb_code][\/et_pb_column][\/et_pb_row][\/et_pb_section]<\/p>","protected":false},"excerpt":{"rendered":"<p>FINCA YENIZELHUITZILAC, M\u00c9XICOVIVIENDA | 2022 Finca Yenizel, es un proyecto de vivienda residencial para una pareja de reci\u00e9n casados. El predio est\u00e1 ubicado en Huitzilac en el estado de Morelos y a 20 min de la ciudad de Cuernavaca. Huitzilac es una de las zonas m\u00e1s boscosas y fr\u00edas que existen en el estado. Finca [&hellip;]<\/p>","protected":false},"author":1,"featured_media":0,"parent":0,"menu_order":0,"comment_status":"closed","ping_status":"closed","template":"","meta":{"_et_pb_use_builder":"on","_et_pb_old_content":"","_et_gb_content_width":"","inline_featured_image":false,"footnotes":""},"class_list":["post-3189","page","type-page","status-publish","hentry"],"_links":{"self":[{"href":"https:\/\/widoarquitectos.com\/en\/wp-json\/wp\/v2\/pages\/3189","targetHints":{"allow":["GET"]}}],"collection":[{"href":"https:\/\/widoarquitectos.com\/en\/wp-json\/wp\/v2\/pages"}],"about":[{"href":"https:\/\/widoarquitectos.com\/en\/wp-json\/wp\/v2\/types\/page"}],"author":[{"embeddable":true,"href":"https:\/\/widoarquitectos.com\/en\/wp-json\/wp\/v2\/users\/1"}],"replies":[{"embeddable":true,"href":"https:\/\/widoarquitectos.com\/en\/wp-json\/wp\/v2\/comments?post=3189"}],"version-history":[{"count":0,"href":"https:\/\/widoarquitectos.com\/en\/wp-json\/wp\/v2\/pages\/3189\/revisions"}],"wp:attachment":[{"href":"https:\/\/widoarquitectos.com\/en\/wp-json\/wp\/v2\/media?parent=3189"}],"curies":[{"name":"wp","href":"https:\/\/api.w.org\/{rel}","templated":true}]}}