{"id":64,"date":"2021-02-02T19:03:02","date_gmt":"2021-02-02T19:03:02","guid":{"rendered":"http:\/\/widoarquitectos.com\/?page_id=64"},"modified":"2023-12-27T04:24:46","modified_gmt":"2023-12-27T04:24:46","slug":"nosotros","status":"publish","type":"page","link":"https:\/\/widoarquitectos.com\/en\/nosotros\/","title":{"rendered":"About us"},"content":{"rendered":"<p>[et_pb_section fb_built=&#8221;1&#8243; _builder_version=&#8221;4.16&#8243; custom_padding=&#8221;40px||40px||true|false&#8221; global_colors_info=&#8221;{}&#8221;][et_pb_row _builder_version=&#8221;4.16&#8243; width=&#8221;70%&#8221; width_tablet=&#8221;&#8221; width_phone=&#8221;90%&#8221; width_last_edited=&#8221;on|phone&#8221; custom_padding=&#8221;||3px|||&#8221; global_colors_info=&#8221;{}&#8221;][et_pb_column type=&#8221;4_4&#8243; _builder_version=&#8221;4.16&#8243; global_colors_info=&#8221;{}&#8221;][et_pb_text _builder_version=&#8221;4.16&#8243; text_font=&#8221;Avant-regular||||||||&#8221; text_text_color=&#8221;#B1AFAF&#8221; text_font_size=&#8221;13px&#8221; text_letter_spacing=&#8221;0.5px&#8221; text_orientation=&#8221;center&#8221; custom_margin=&#8221;|30px|0px|30px|false|true&#8221; custom_padding=&#8221;||51px|||&#8221; locked=&#8221;off&#8221; global_colors_info=&#8221;{}&#8221;]Nosotros.[\/et_pb_text][et_pb_image src=&#8221;https:\/\/widoarquitectos.com\/wp-content\/uploads\/2021\/02\/OFICINA-PLANTA11-scaled.jpg&#8221; align=&#8221;center&#8221; _builder_version=&#8221;4.16&#8243; width=&#8221;85%&#8221; module_alignment=&#8221;center&#8221; custom_margin=&#8221;||||true|false&#8221; custom_padding=&#8221;0px||0px||true|false&#8221; global_colors_info=&#8221;{}&#8221;][\/et_pb_image][\/et_pb_column][\/et_pb_row][et_pb_row column_structure=&#8221;1_2,1_2&#8243; use_custom_gutter=&#8221;on&#8221; _builder_version=&#8221;4.16&#8243; width=&#8221;61%&#8221; width_tablet=&#8221;&#8221; width_phone=&#8221;75%&#8221; width_last_edited=&#8221;on|phone&#8221; custom_padding=&#8221;||10px|||&#8221; global_colors_info=&#8221;{}&#8221;][et_pb_column type=&#8221;1_2&#8243; _builder_version=&#8221;4.16&#8243; global_colors_info=&#8221;{}&#8221;][et_pb_text _builder_version=&#8221;4.17.4&#8243; text_font=&#8221;Itc Avan garden extra-light||||||||&#8221; text_text_color=&#8221;#707070&#8243; text_font_size=&#8221;10px&#8221; text_letter_spacing=&#8221;0.5px&#8221; text_line_height=&#8221;12px&#8221; text_orientation=&#8221;justified&#8221; hover_enabled=&#8221;0&#8243; global_colors_info=&#8221;{}&#8221; sticky_enabled=&#8221;0&#8243;]WIDOARQUITECTOS, es una oficina de arquitectura y ciudad, conformada principalmente por j\u00f3venes arquitectos. Somos una oficina altamente comprometida con las personas, entendiendo que nuestra profesi\u00f3n es un v\u00ednculo directo entre la ciudad y su sociedad. Trabajamos en todas las tipolog\u00edas arquitect\u00f3nicas: concursos, p\u00fablicas, residenciales, culturales, oficinas, sociales y urbanas.<\/p>\n<p>Creemos firmemente que la arquitectura no es un servicio de lujo sino una obra social, es la herramienta m\u00e1s poderosa de cambio, es un trabajo colectivo.[\/et_pb_text][\/et_pb_column][et_pb_column type=&#8221;1_2&#8243; _builder_version=&#8221;4.16&#8243; global_colors_info=&#8221;{}&#8221;][et_pb_text _builder_version=&#8221;4.17.4&#8243; text_font=&#8221;Itc Avan garden extra-light||||||||&#8221; text_text_color=&#8221;#707070&#8243; text_font_size=&#8221;10px&#8221; text_letter_spacing=&#8221;0.5px&#8221; text_line_height=&#8221;12px&#8221; text_orientation=&#8221;justified&#8221; hover_enabled=&#8221;0&#8243; global_colors_info=&#8221;{}&#8221; sticky_enabled=&#8221;0&#8243;]Nuestra arquitectura se simplifica en lo b\u00e1sico y elemental, sin pretensiones de dise\u00f1o ni formas innecesarias; preferimos trabajar junto con la gente, no solo para ellos. Nuestra convicci\u00f3n reside en la lectura profunda de los elementos que componen la arquitectura y el contexto urbano. Dirigimos fielmente nuestro proceso creativo con la filosof\u00eda de hacer siempre m\u00e1s con menos.[\/et_pb_text][\/et_pb_column][\/et_pb_row][et_pb_row use_custom_gutter=&#8221;on&#8221; gutter_width=&#8221;1&#8243; _builder_version=&#8221;4.16&#8243; width=&#8221;61%&#8221; width_tablet=&#8221;&#8221; width_phone=&#8221;75%&#8221; width_last_edited=&#8221;on|phone&#8221; module_alignment=&#8221;center&#8221; custom_padding=&#8221;2px||2px||true|false&#8221; global_colors_info=&#8221;{}&#8221;][et_pb_column type=&#8221;4_4&#8243; _builder_version=&#8221;4.16&#8243; global_colors_info=&#8221;{}&#8221;][et_pb_text _builder_version=&#8221;4.17.4&#8243; text_font=&#8221;Itc Avan garden extra-light||||||||&#8221; text_text_color=&#8221;#707070&#8243; text_font_size=&#8221;10px&#8221; text_letter_spacing=&#8221;0.5px&#8221; text_line_height=&#8221;12px&#8221; text_orientation=&#8221;center&#8221; hover_enabled=&#8221;0&#8243; global_colors_info=&#8221;{}&#8221; sticky_enabled=&#8221;0&#8243;]\u201cNos fascina el hecho de que cada dise\u00f1o tiene una historia detr\u00e1s, nos encanta capturar los momentos \u00fanicos que suceden con las personas, donde la arquitectura est\u00e1 m\u00e1s cerca de la percepci\u00f3n humana y del intercambio de sentimientos e ideas.\u201d<br \/>\n[\/et_pb_text][et_pb_image src=&#8221;https:\/\/widoarquitectos.com\/wp-content\/uploads\/2021\/02\/INTEGRANTES-WIDOARQUITECTOS-02-011.png&#8221; align=&#8221;center&#8221; _builder_version=&#8221;4.16&#8243; width=&#8221;100%&#8221; module_alignment=&#8221;center&#8221; custom_margin=&#8221;50px||50px||true|false&#8221; custom_padding=&#8221;0px||0px||true|false&#8221; locked=&#8221;off&#8221; global_colors_info=&#8221;{}&#8221;][\/et_pb_image][\/et_pb_column][\/et_pb_row][et_pb_row use_custom_gutter=&#8221;on&#8221; gutter_width=&#8221;1&#8243; _builder_version=&#8221;4.16&#8243; width=&#8221;61%&#8221; width_tablet=&#8221;&#8221; width_phone=&#8221;75%&#8221; width_last_edited=&#8221;on|phone&#8221; module_alignment=&#8221;center&#8221; custom_margin=&#8221;0px||0px||false|false&#8221; custom_padding=&#8221;0px||0px||true|false&#8221; global_colors_info=&#8221;{}&#8221;][et_pb_column type=&#8221;4_4&#8243; _builder_version=&#8221;4.16&#8243; global_colors_info=&#8221;{}&#8221;][et_pb_image src=&#8221;https:\/\/widoarquitectos.com\/wp-content\/uploads\/2021\/02\/VICTOR-WIDO_PARA-CV-slim.png&#8221; title_text=&#8221;VICTOR WIDO_PARA CV-slim&#8221; align=&#8221;center&#8221; _builder_version=&#8221;4.16&#8243; width=&#8221;100%&#8221; max_width=&#8221;130px&#8221; module_alignment=&#8221;center&#8221; custom_margin=&#8221;0px||0px||true|false&#8221; custom_padding=&#8221;0px||0px||true|false&#8221; locked=&#8221;off&#8221; global_colors_info=&#8221;{}&#8221;][\/et_pb_image][\/et_pb_column][\/et_pb_row][et_pb_row _builder_version=&#8221;4.16&#8243; global_colors_info=&#8221;{}&#8221;][et_pb_column type=&#8221;4_4&#8243; _builder_version=&#8221;4.16&#8243; global_colors_info=&#8221;{}&#8221;][et_pb_text _builder_version=&#8221;4.16&#8243; text_font=&#8221;Itc Avan garden extra-light||||||||&#8221; text_text_color=&#8221;#707070&#8243; text_font_size=&#8221;12px&#8221; text_letter_spacing=&#8221;0.5px&#8221; text_orientation=&#8221;center&#8221; custom_margin=&#8221;0px|30px|1px|30px|false|true&#8221; locked=&#8221;off&#8221; global_colors_info=&#8221;{}&#8221;]<\/p>\n<p>VICTOR WIDO CV<\/p>\n<p>[\/et_pb_text][\/et_pb_column][\/et_pb_row][et_pb_row column_structure=&#8221;1_2,1_2&#8243; use_custom_gutter=&#8221;on&#8221; _builder_version=&#8221;4.16&#8243; width=&#8221;61%&#8221; width_tablet=&#8221;&#8221; width_phone=&#8221;75%&#8221; width_last_edited=&#8221;on|phone&#8221; custom_padding=&#8221;4px|||||&#8221; global_colors_info=&#8221;{}&#8221;][et_pb_column type=&#8221;1_2&#8243; _builder_version=&#8221;4.16&#8243; global_colors_info=&#8221;{}&#8221;][et_pb_text _builder_version=&#8221;4.17.4&#8243; text_font=&#8221;Itc Avan garden extra-light||||||||&#8221; text_text_color=&#8221;#707070&#8243; text_font_size=&#8221;10px&#8221; text_letter_spacing=&#8221;0.5px&#8221; text_line_height=&#8221;12px&#8221; text_orientation=&#8221;justified&#8221; hover_enabled=&#8221;0&#8243; global_colors_info=&#8221;{}&#8221; sticky_enabled=&#8221;0&#8243;]Arquitecto egresado de la Escuela de Arquitectura de la Universidad La Salle Cuernavaca en 2013. Ese mismo a\u00f1o cursa el diplomado en Espacios P\u00fablicos y Ciudades Seguras por la Universidad Iberoamericana campus Ciudad de M\u00e9xico.<\/p>\n<p>In 2013 he was selected among the 15 young talents to develop the Workshop of Design Mexico. In several years he has been named by different local media as a young promise of Mexican architecture in the state of Morelos.<\/p>\n<p>In 2015 he won the Monbukagakusho Honors Scholarship (JASSO Scholarship) awarded by the Japanese government to study a Master's Degree in Architecture and Urbanism at the University of Tokyo, Japan. Graduated in 2017. The research projects conducted in the master's degree were exhibited in different media and cultural centers, highlighting, LIXIL Gallery in Tokyo and the Seoul Biennial of Architecture and Urbanism, held in South Korea.<\/p>\n<p>Fundador de la oficina de arquitectura y ciudad WIDOARQUITECTOS en 2019 con sede en la ciudad de Cuernavaca, Morelos. Con WIDOARQUITECTOS, ha desarrollado m\u00e1s de sesenta proyectos de diferentes escalas, privados, p\u00fablicos y de concursos. Entre los que destacan: primer lugar en el concurso internacional UNBUILT HOUSING 2018, celebrado en Espa\u00f1a; Finalistas en el Concurso Nacional, Nuevo prototipo de Vivienda Social Vertical Intraurbano, convocado por el IMUVI Le\u00f3n, Guanajuato e Infonavit; Finalistas en el concurso nacional para la propuesta del nuevo edificio del INEEL en Cuernavaca; Primer lugar en el concurso para la nueva sede del Ayuntamiento de Temixco, Morelos; En 2019, realizamos el libro de investigaci\u00f3n en conjunto con la CMIC Morelos, denominado \u201cHECHO EN MORELOS\u201d, una gu\u00eda constructiva sobre la vivienda social en la reconstrucci\u00f3n de Morelos; En 2020 ganamos el primer lugar para el proyecto de la \u201cNueva Sede de la C\u00e1mara Mexicana de la Industria de la Construcci\u00f3n, delegaci\u00f3n Morelos;[\/et_pb_text][\/et_pb_column][et_pb_column type=&#8221;1_2&#8243; _builder_version=&#8221;4.16&#8243; global_colors_info=&#8221;{}&#8221;][et_pb_text _builder_version=&#8221;4.17.4&#8243; text_font=&#8221;Itc Avan garden extra-light||||||||&#8221; text_text_color=&#8221;#707070&#8243; text_font_size=&#8221;10px&#8221; text_letter_spacing=&#8221;0.5px&#8221; text_line_height=&#8221;12px&#8221; text_orientation=&#8221;justified&#8221; hover_enabled=&#8221;0&#8243; global_colors_info=&#8221;{}&#8221; sticky_enabled=&#8221;0&#8243;]En 2023 ganamos la menci\u00f3n honor\u00edfica sobre el concurso internacional del conjunto habitacional de vivienda social en madera en la ciudad de Tranqueras, Uruguay, convocado por Ministro de Vivienda y Ordenamiento Territorial de Uruguay y el Banco Interamericano de Desarrollo; Primer lugar en los 12\u00b0 premios nacionales de la Asociaci\u00f3n de Arquitectos e Interiorista de M\u00e9xico. WIDOARQUITECTOS ha participado en proyectos de escala urbana, como la intervenci\u00f3n del pueblo de Santa Luc\u00eda en la Ciudad de M\u00e9xico, publicado por el peri\u00f3dico Reforma. Actualmente es impulsor junto con el gobierno municipal y activistas sociales de la ciudad de Cuernavaca para el desarrollo del Plan de Regeneraci\u00f3n Urbana (PREU) Ricardo Flores Mag\u00f3n; uno de los barrios m\u00e1s importantes y grandes de Cuernavaca, Morelos. Un proyecto social de investigaci\u00f3n con proyecci\u00f3n al a\u00f1o 2053.<\/p>\n<p>In 2023 he was awarded the \"Venera Jos\u00e9 Mar\u00eda Morelos y Pav\u00f3n, Morelense de Excelencia\". It is the highest award given by the government of the state of Morelos to the most illustrious men and women in all disciplines and areas of knowledge and human development. That same year we were awarded first place in the \"AAI National Architecture Award\".<\/p>\n<p>From 2020 to the present, he is a professor of project workshop at Universidad La Salle Cuernavaca. As a teacher, he has won first place in the national competition to design a manual for progressive social housing, convened by the company KeObra. Project published in Archdaily. In 2022 we are winners of the first place in the 9th national competition of architecture and urbanism of Infonavit. Project published in different national media.<\/p>\n<p>Our work has been published in Japan, Mexico, Spain, Serbia, Germany, Peru, Chile, Uruguay and the United States.<br \/>\n[\/et_pb_text][\/et_pb_column][\/et_pb_row][et_pb_row use_custom_gutter=&#8221;on&#8221; gutter_width=&#8221;1&#8243; _builder_version=&#8221;4.16&#8243; width=&#8221;61%&#8221; width_tablet=&#8221;&#8221; width_phone=&#8221;75%&#8221; width_last_edited=&#8221;on|phone&#8221; module_alignment=&#8221;center&#8221; custom_margin=&#8221;0px||0px||false|false&#8221; custom_padding=&#8221;0px||0px||true|false&#8221; global_colors_info=&#8221;{}&#8221;][et_pb_column type=&#8221;4_4&#8243; _builder_version=&#8221;4.16&#8243; global_colors_info=&#8221;{}&#8221;][et_pb_image src=&#8221;https:\/\/widoarquitectos.com\/wp-content\/uploads\/2021\/02\/Mexico-Japan-slim.png&#8221; title_text=&#8221;Mexico-Japan-slim&#8221; align=&#8221;center&#8221; _builder_version=&#8221;4.16&#8243; width=&#8221;100%&#8221; module_alignment=&#8221;center&#8221; custom_margin=&#8221;0px||0px||true|false&#8221; custom_padding=&#8221;0px||0px||true|false&#8221; locked=&#8221;off&#8221; global_colors_info=&#8221;{}&#8221;][\/et_pb_image][\/et_pb_column][\/et_pb_row][\/et_pb_section][et_pb_section fb_built=&#8221;1&#8243; disabled_on=&#8221;off|off|off&#8221; _builder_version=&#8221;4.16&#8243; custom_padding=&#8221;0px||3px|||&#8221; locked=&#8221;off&#8221; global_colors_info=&#8221;{}&#8221;][et_pb_row _builder_version=&#8221;4.16&#8243; custom_padding=&#8221;10px||10px||false|false&#8221; global_colors_info=&#8221;{}&#8221;][et_pb_column type=&#8221;4_4&#8243; _builder_version=&#8221;4.16&#8243; global_colors_info=&#8221;{}&#8221;][et_pb_code _builder_version=&#8221;4.16&#8243; min_height=&#8221;31px&#8221; global_colors_info=&#8221;{}&#8221;]<\/p>\n<style><!-- [et_pb_line_break_holder] -->  .icons-footer-page{<!-- [et_pb_line_break_holder] -->\t\twidth: 100%;<!-- [et_pb_line_break_holder] -->\t\ttext-align: right;<!-- [et_pb_line_break_holder] -->\t\tmargin-right: 50px;<!-- [et_pb_line_break_holder] -->    position: fixed;<!-- [et_pb_line_break_holder] -->    bottom: 20px;<!-- [et_pb_line_break_holder] -->    right: -20px;<!-- [et_pb_line_break_holder] -->\t}\t<!-- [et_pb_line_break_holder] -->\t.icons-f{<!-- [et_pb_line_break_holder] -->\t\twidth: 24px;<!-- [et_pb_line_break_holder] -->\t\theight: 23px;<!-- [et_pb_line_break_holder] -->\t\tbackground: #000;<!-- [et_pb_line_break_holder] -->\t\tborder-radius: 50%;<!-- [et_pb_line_break_holder] -->\t\tdisplay: inline-block;<!-- [et_pb_line_break_holder] -->\t\tmargin-left: 4px;<!-- [et_pb_line_break_holder] -->\t}<!-- [et_pb_line_break_holder] -->   .icons-f:hover > p{<!-- [et_pb_line_break_holder] -->    background: #fff;<!-- [et_pb_line_break_holder] -->    border: solid 1px #000;<!-- [et_pb_line_break_holder] -->    color: #000;<!-- [et_pb_line_break_holder] -->  }<!-- [et_pb_line_break_holder] --><!-- [et_pb_line_break_holder] -->\t.icons-f p{<!-- [et_pb_line_break_holder] -->    font-family: 'Roboto',Helvetica,Arial,Lucida,sans-serif!important;<!-- [et_pb_line_break_holder] -->\t\tcolor: #fff;<!-- [et_pb_line_break_holder] -->\t\ttext-align: center;<!-- [et_pb_line_break_holder] -->\t\tfont-size: 11px;<!-- [et_pb_line_break_holder] -->\t\tmargin: 0px;<!-- [et_pb_line_break_holder] -->    border-radius: 50%;<!-- [et_pb_line_break_holder] -->    transition: 0.5s;<!-- [et_pb_line_break_holder] -->\t}<!-- [et_pb_line_break_holder] -->  <!-- [et_pb_line_break_holder] -->  .icons-f p i{<!-- [et_pb_line_break_holder] -->    font-size: 12px;<!-- [et_pb_line_break_holder] -->    }<!-- [et_pb_line_break_holder] -->  <!-- [et_pb_line_break_holder] -->  <!-- [et_pb_line_break_holder] -->   @media (max-width: 500px) {<!-- [et_pb_line_break_holder] -->    .icons-footer-page{<!-- [et_pb_line_break_holder] -->    \tright: -40px;<!-- [et_pb_line_break_holder] -->    } <!-- [et_pb_line_break_holder] -->  }<!-- [et_pb_line_break_holder] --><\/style>\n<p>\t<!-- [et_pb_line_break_holder] --><\/p>\n<div class=\"icons-footer-page\"><!-- [et_pb_line_break_holder] -->\t<a href=\"https:\/\/widoarquitectos.com\/en\/nosotros\/\" class=\"icons-f\"><!-- [et_pb_line_break_holder] -->\t\t\t<pee>EN<\/pee><!-- [et_pb_line_break_holder] -->\t\t<\/a><!-- [et_pb_line_break_holder] -->\t\t<a href=\"https:\/\/widoarquitectos.com\/es\/nosotros\/\" class=\"icons-f\"><!-- [et_pb_line_break_holder] -->\t\t\t<pee>ES<\/pee><!-- [et_pb_line_break_holder] -->\t\t<\/a><!-- [et_pb_line_break_holder] -->\t<!-- [et_pb_line_break_holder] -->\t<\/div>\n<p>[\/et_pb_code][\/et_pb_column][\/et_pb_row][\/et_pb_section]<\/p>","protected":false},"excerpt":{"rendered":"<p>Nosotros.WIDOARQUITECTOS, es una oficina de arquitectura y ciudad, conformada principalmente por j\u00f3venes arquitectos. Somos una oficina altamente comprometida con las personas, entendiendo que nuestra profesi\u00f3n es un v\u00ednculo directo entre la ciudad y su sociedad. Trabajamos en todas las tipolog\u00edas arquitect\u00f3nicas: concursos, p\u00fablicas, residenciales, culturales, oficinas, sociales y urbanas. Creemos firmemente que la arquitectura no [&hellip;]<\/p>","protected":false},"author":1,"featured_media":0,"parent":0,"menu_order":0,"comment_status":"closed","ping_status":"closed","template":"","meta":{"_et_pb_use_builder":"on","_et_pb_old_content":"<!-- wp:divi\/placeholder \/-->","_et_gb_content_width":"","inline_featured_image":false,"footnotes":""},"class_list":["post-64","page","type-page","status-publish","hentry"],"_links":{"self":[{"href":"https:\/\/widoarquitectos.com\/en\/wp-json\/wp\/v2\/pages\/64","targetHints":{"allow":["GET"]}}],"collection":[{"href":"https:\/\/widoarquitectos.com\/en\/wp-json\/wp\/v2\/pages"}],"about":[{"href":"https:\/\/widoarquitectos.com\/en\/wp-json\/wp\/v2\/types\/page"}],"author":[{"embeddable":true,"href":"https:\/\/widoarquitectos.com\/en\/wp-json\/wp\/v2\/users\/1"}],"replies":[{"embeddable":true,"href":"https:\/\/widoarquitectos.com\/en\/wp-json\/wp\/v2\/comments?post=64"}],"version-history":[{"count":0,"href":"https:\/\/widoarquitectos.com\/en\/wp-json\/wp\/v2\/pages\/64\/revisions"}],"wp:attachment":[{"href":"https:\/\/widoarquitectos.com\/en\/wp-json\/wp\/v2\/media?parent=64"}],"curies":[{"name":"wp","href":"https:\/\/api.w.org\/{rel}","templated":true}]}}