{"id":872,"date":"2021-02-15T19:39:18","date_gmt":"2021-02-15T19:39:18","guid":{"rendered":"http:\/\/widoarquitectos.com\/?page_id=872"},"modified":"2022-05-24T19:22:03","modified_gmt":"2022-05-24T19:22:03","slug":"dae-itesm","status":"publish","type":"page","link":"https:\/\/widoarquitectos.com\/en\/dae-itesm\/","title":{"rendered":"Dae Itesm"},"content":{"rendered":"<p>[et_pb_section fb_built=&#8221;1&#8243; module_class=&#8221;titulos&#8221; _builder_version=&#8221;4.9.0&#8243; custom_padding=&#8221;0px||4px||false|false&#8221;][et_pb_row _builder_version=&#8221;4.9.0&#8243; width=&#8221;75%&#8221; custom_margin=&#8221;||||false|false&#8221; custom_padding=&#8221;||5px||false|false&#8221; animation_style=&#8221;slide&#8221; animation_direction=&#8221;bottom&#8221;][et_pb_column type=&#8221;4_4&#8243; _builder_version=&#8221;4.1&#8243;][et_pb_text _builder_version=&#8221;4.9.0&#8243; text_font=&#8221;||||||||&#8221; text_text_color=&#8221;#a5a5a5&#8243; header_font=&#8221;||||||||&#8221; header_2_font=&#8221;Avant-regular||||||||&#8221; header_2_text_color=&#8221;#a5a5a5&#8243; header_2_font_size=&#8221;14px&#8221; custom_margin=&#8221;||-10px||false|false&#8221; custom_padding=&#8221;||1px|||&#8221;]<\/p>\n<h2>DAE ITESM <\/h2>\n<p>[\/et_pb_text][et_pb_text _builder_version=&#8221;4.9.0&#8243; text_font=&#8221;Avant-regular||||||||&#8221; text_text_color=&#8221;#afaeae&#8221; text_font_size=&#8221;11px&#8221; custom_margin=&#8221;||0px||false|false&#8221; custom_padding=&#8221;||||false|false&#8221;]<\/p>\n<p>CUERNAVACA, MEXICO\u00a0<\/p>\n<p>[\/et_pb_text][et_pb_text _builder_version=&#8221;4.9.0&#8243; text_font=&#8221;Avant-regular||||||||&#8221; text_text_color=&#8221;#afaeae&#8221; text_font_size=&#8221;11px&#8221; custom_margin=&#8221;-3px||0px||false|false&#8221; custom_padding=&#8221;||||false|false&#8221;]<\/p>\n<p>COMPETITION | EDUCATION | FIRST PLACE, 2015<\/p>\n<p>[\/et_pb_text][\/et_pb_column][\/et_pb_row][\/et_pb_section][et_pb_section fb_built=&#8221;1&#8243; module_class=&#8221;descripcion&#8221; _builder_version=&#8221;4.9.0&#8243; custom_padding=&#8221;0px||||false|false&#8221;][et_pb_row column_structure=&#8221;3_4,1_4&#8243; _builder_version=&#8221;4.9.0&#8243; width=&#8221;75%&#8221; module_alignment=&#8221;center&#8221; custom_margin=&#8221;|128px||auto||&#8221;][et_pb_column type=&#8221;3_4&#8243; _builder_version=&#8221;4.1&#8243;][et_pb_slider show_pagination=&#8221;off&#8221; _builder_version=&#8221;4.9.0&#8243; background_enable_image=&#8221;off&#8221; min_height=&#8221;440px&#8221; min_height_tablet=&#8221;400px&#8221; min_height_phone=&#8221;400px&#8221; min_height_last_edited=&#8221;on|phone&#8221; animation_style=&#8221;slide&#8221; animation_direction=&#8221;left&#8221; animation_duration=&#8221;2000ms&#8221;][et_pb_slide _builder_version=&#8221;4.9.0&#8243; background_color=&#8221;#cecece&#8221; background_enable_color=&#8221;on&#8221; background_image=&#8221;https:\/\/widoarquitectos.com\/wp-content\/uploads\/2021\/02\/1.-PORTADA-DAE-ITESM.jpg&#8221; background_enable_image=&#8221;on&#8221; sticky_transition=&#8221;on&#8221;][\/et_pb_slide][et_pb_slide _builder_version=&#8221;4.9.0&#8243; background_image=&#8221;https:\/\/widoarquitectos.com\/wp-content\/uploads\/2021\/02\/2.-UBICACION-5.jpg&#8221; background_enable_image=&#8221;on&#8221; sticky_transition=&#8221;on&#8221;][\/et_pb_slide][et_pb_slide _builder_version=&#8221;4.9.0&#8243; background_image=&#8221;https:\/\/widoarquitectos.com\/wp-content\/uploads\/2021\/02\/3.-VISTA.jpg&#8221; background_enable_image=&#8221;on&#8221; sticky_transition=&#8221;on&#8221;][\/et_pb_slide][et_pb_slide _builder_version=&#8221;4.9.0&#8243; background_image=&#8221;https:\/\/widoarquitectos.com\/wp-content\/uploads\/2021\/02\/4.-VISTA.jpg&#8221; background_enable_image=&#8221;on&#8221; sticky_transition=&#8221;on&#8221;][\/et_pb_slide][et_pb_slide _builder_version=&#8221;4.9.0&#8243; background_image=&#8221;https:\/\/widoarquitectos.com\/wp-content\/uploads\/2021\/02\/5.-ISOMETRICO-DAE-ITESM.jpg&#8221; background_enable_image=&#8221;on&#8221; sticky_transition=&#8221;on&#8221;][\/et_pb_slide][et_pb_slide _builder_version=&#8221;4.9.0&#8243; background_image=&#8221;https:\/\/widoarquitectos.com\/wp-content\/uploads\/2021\/02\/6.-ITESM.jpg&#8221; background_enable_image=&#8221;on&#8221; sticky_transition=&#8221;on&#8221;][\/et_pb_slide][\/et_pb_slider][\/et_pb_column][et_pb_column type=&#8221;1_4&#8243; _builder_version=&#8221;4.1&#8243;][et_pb_text _builder_version=&#8221;4.9.0&#8243; text_font=&#8221;Avant-regular||||||||&#8221; text_text_color=&#8221;#B1AFAF&#8221; text_font_size=&#8221;11px&#8221; text_line_height=&#8221;16px&#8221; text_orientation=&#8221;justified&#8221; animation_style=&#8221;slide&#8221; animation_direction=&#8221;right&#8221; animation_duration=&#8221;2200ms&#8221;]<\/p>\n<p>The   Instituto   Tecnol\u00f3gico   de   Estudios   Superiores   de   Monterrey   (ITESM)   Campus   Cuernavaca,   announced   the   contest   for   the  \nrestructuring and expansion of one of its most important buildings in the campus: The student affairs department.  \nBefore   the   competition,   this   building   functioned   as   a   1,260   square   meter   complex   distributed   over   a   single   floor,   in   addition,   it   housed  \nmultipurpose rooms, a gym, bathrooms, offices and certain areas for storage.<\/p>\n<p>The   complex   was   immersed   in   a   contradiction,   on   the   one   hand,   it   was   a   building   of   attention,   orientation   and   care   of   the   student,  \nhowever,   the   representation   of   the   building   was   far   from   that   idea;   a   totally   unsafe   environment   was   perceived,   from   a   weather  \nenvironment to overcrowding, caused by the different activities carried out in the complex.<\/p>\n<p>Our   proposal   for   the   competition   proposes   a   two-level   building   that   doubles   the   square   meters   of   areas   for   a   better   distribution,   in  \naddition to ensuring interior comfort for users; always with the premise of respecting the institutional architecture of ITESM.<\/p>\n<p>At the beginning, we designed a structural detail that gave identity to the whole, distinguishing itself from its other \u201cbrothers\u201d. \n \nThe organizing committee and physical plant of the ITESM campus Cuernavaca assigned us the first place for its development.<\/p>\n<p>[\/et_pb_text][\/et_pb_column][\/et_pb_row][\/et_pb_section][et_pb_section fb_built=&#8221;1&#8243; disabled_on=&#8221;off|off|off&#8221; _builder_version=&#8221;4.9.0&#8243; custom_padding=&#8221;0px||3px|||&#8221; locked=&#8221;off&#8221;][et_pb_row _builder_version=&#8221;4.9.0&#8243; custom_padding=&#8221;10px||10px||false|false&#8221;][et_pb_column type=&#8221;4_4&#8243; _builder_version=&#8221;4.1&#8243;][et_pb_code _builder_version=&#8221;4.9.0&#8243; min_height=&#8221;31px&#8221;]<\/p>\n<style><!-- [et_pb_line_break_holder] -->  .icons-footer-page{<!-- [et_pb_line_break_holder] -->\t\twidth: 100%;<!-- [et_pb_line_break_holder] -->\t\ttext-align: right;<!-- [et_pb_line_break_holder] -->\t\tmargin-right: 50px;<!-- [et_pb_line_break_holder] -->    position: fixed;<!-- [et_pb_line_break_holder] -->    bottom: 20px;<!-- [et_pb_line_break_holder] -->    right: -20px;<!-- [et_pb_line_break_holder] -->\t}\t<!-- [et_pb_line_break_holder] -->\t.icons-f{<!-- [et_pb_line_break_holder] -->\t\twidth: 24px;<!-- [et_pb_line_break_holder] -->\t\theight: 23px;<!-- [et_pb_line_break_holder] -->\t\tbackground: #000;<!-- [et_pb_line_break_holder] -->\t\tborder-radius: 50%;<!-- [et_pb_line_break_holder] -->\t\tdisplay: inline-block;<!-- [et_pb_line_break_holder] -->\t\tmargin-left: 4px;<!-- [et_pb_line_break_holder] -->\t}<!-- [et_pb_line_break_holder] -->   .icons-f:hover > p{<!-- [et_pb_line_break_holder] -->    background: #fff;<!-- [et_pb_line_break_holder] -->    border: solid 1px #000;<!-- [et_pb_line_break_holder] -->    color: #000;<!-- [et_pb_line_break_holder] -->  }<!-- [et_pb_line_break_holder] --><!-- [et_pb_line_break_holder] -->\t.icons-f p{<!-- [et_pb_line_break_holder] -->    font-family: 'Roboto',Helvetica,Arial,Lucida,sans-serif!important;<!-- [et_pb_line_break_holder] -->\t\tcolor: #fff;<!-- [et_pb_line_break_holder] -->\t\ttext-align: center;<!-- [et_pb_line_break_holder] -->\t\tfont-size: 11px;<!-- [et_pb_line_break_holder] -->\t\tmargin: 0px;<!-- [et_pb_line_break_holder] -->    border-radius: 50%;<!-- [et_pb_line_break_holder] -->    transition: 0.5s;<!-- [et_pb_line_break_holder] -->\t}<!-- [et_pb_line_break_holder] -->  <!-- [et_pb_line_break_holder] -->  .icons-f p i{<!-- [et_pb_line_break_holder] -->    font-size: 12px;<!-- [et_pb_line_break_holder] -->    }<!-- [et_pb_line_break_holder] -->  <!-- [et_pb_line_break_holder] -->  <!-- [et_pb_line_break_holder] -->   @media (max-width: 500px) {<!-- [et_pb_line_break_holder] -->    .icons-footer-page{<!-- [et_pb_line_break_holder] -->    \tright: -40px;<!-- [et_pb_line_break_holder] -->    } <!-- [et_pb_line_break_holder] -->  }<!-- [et_pb_line_break_holder] --><\/style>\n<p>\t<!-- [et_pb_line_break_holder] --><\/p>\n<div class=\"icons-footer-page\"><!-- [et_pb_line_break_holder] -->\t<a href=\"https:\/\/widoarquitectos.com\/en\/dae-itesm\/\" class=\"icons-f\"><!-- [et_pb_line_break_holder] -->\t\t\t<pee>EN<\/pee><!-- [et_pb_line_break_holder] -->\t\t<\/a><!-- [et_pb_line_break_holder] -->\t\t<a href=\"https:\/\/widoarquitectos.com\/es\/dae-itesm\/\" class=\"icons-f\"><!-- [et_pb_line_break_holder] -->\t\t\t<pee>ES<\/pee><!-- [et_pb_line_break_holder] -->\t\t<\/a><!-- [et_pb_line_break_holder] -->\t<!-- [et_pb_line_break_holder] -->\t<\/div>\n<p>[\/et_pb_code][\/et_pb_column][\/et_pb_row][\/et_pb_section]<\/p>","protected":false},"excerpt":{"rendered":"<p>ITESM DAE CUERNAVACA, M\u00c9XICO\u00a0CONCURSOS | EDUCACI\u00d3N | PRIMER LUGAR, 2015El Instituto Tecnol\u00f3gico de Estudios Superiores de Monterrey (ITESM) Campus Cuernavaca, dio a conocer el concurso para la reestructuraci\u00f3n y ampliaci\u00f3n de uno de sus edificios m\u00e1s importantes dentro del plantel, dicho edificio es el departamento de asuntos estudiantiles (DAE). Antes del concurso el edificio DAE [&hellip;]<\/p>","protected":false},"author":1,"featured_media":0,"parent":0,"menu_order":0,"comment_status":"closed","ping_status":"closed","template":"","meta":{"_et_pb_use_builder":"on","_et_pb_old_content":"<!-- wp:divi\/placeholder \/-->","_et_gb_content_width":"","inline_featured_image":false,"footnotes":""},"class_list":["post-872","page","type-page","status-publish","hentry"],"_links":{"self":[{"href":"https:\/\/widoarquitectos.com\/en\/wp-json\/wp\/v2\/pages\/872","targetHints":{"allow":["GET"]}}],"collection":[{"href":"https:\/\/widoarquitectos.com\/en\/wp-json\/wp\/v2\/pages"}],"about":[{"href":"https:\/\/widoarquitectos.com\/en\/wp-json\/wp\/v2\/types\/page"}],"author":[{"embeddable":true,"href":"https:\/\/widoarquitectos.com\/en\/wp-json\/wp\/v2\/users\/1"}],"replies":[{"embeddable":true,"href":"https:\/\/widoarquitectos.com\/en\/wp-json\/wp\/v2\/comments?post=872"}],"version-history":[{"count":0,"href":"https:\/\/widoarquitectos.com\/en\/wp-json\/wp\/v2\/pages\/872\/revisions"}],"wp:attachment":[{"href":"https:\/\/widoarquitectos.com\/en\/wp-json\/wp\/v2\/media?parent=872"}],"curies":[{"name":"wp","href":"https:\/\/api.w.org\/{rel}","templated":true}]}}